{"id":951,"date":"2016-04-05T15:55:09","date_gmt":"2016-04-05T14:55:09","guid":{"rendered":"https:\/\/www.ramdamfestival.be\/en\/?page_id=951"},"modified":"2025-12-17T00:16:12","modified_gmt":"2025-12-16T23:16:12","slug":"our-team","status":"publish","type":"page","link":"https:\/\/www.ramdamfestival.be\/en\/our-team\/","title":{"rendered":"Our Team"},"content":{"rendered":"<p style=\"text-align: left;\"><strong>President<\/strong> | <a href=\"mailto:jpw@ramdamfestival.be\">Jean-Pierre Winberg<\/a><br \/>\n<strong>Production coordination manager<\/strong> | <a href=\"mailto:jeanne@ramdamfestival.be\">Jeanne Fran\u00e7ois<\/a><br \/>\n<strong>Location manager <\/strong>| <a href=\"mailto:bruno@a-2.be\">Bruno Se\u0301pulchre<\/a><br \/>\n<strong>Guest &amp; Production Manager<\/strong>\u00a0|\u00a0<a href=\"mailto:camille@ramdamfestival.be\">Camille Hoebanx<\/a><br \/>\n<strong>Communication &amp; Partnerships<\/strong> : <a href=\"mailto:louise@ramdamfestival.be\">Louise Gabriels<\/a><br \/>\n<strong>Ticketing &amp; reception manager :<\/strong> Aniouchka Lambert<br \/>\n<strong>Communication Web &amp; Graphic Designer<\/strong> | <a href=\"mailto:louis@ramdamfestival.be\">Louis Printz<\/a><br \/>\n<strong>Program Graphic Designer :<\/strong> Fran\u00e7ois Bouton<br \/>\n<strong>Technical Management<\/strong> | <a href=\"mailto:julie@ramdamfestival.be\">Julie Gosselin<\/a><br \/>\n<strong>Press Officer (Belgium)<\/strong>\u00a0|\u00a0<a href=\"mailto:louise-marie@ramdamfestival.be\">Louise-Marie Hubert<\/a><br \/>\n<strong>Projectionists<\/strong> |\u00a0 Ga\u00ebtan Marchand &amp; Germain Jens<br \/>\n<strong>Videographer :<\/strong> Dany Elzouko<br \/>\n<strong>Image Management :<\/strong> Thomas Boucart<br \/>\n<strong>Subtitles :<\/strong> Jean Timmerman<br \/>\n<strong>Photographer :<\/strong> Charly &amp; Ma\u00ebl Desoubry<\/p>\n<hr \/>\n<p style=\"text-align: center;\"><strong>Board of management<br \/>\n<\/strong>R\u00e9my Beyaert | Florence Coppenolle | Jeanne Fran\u00e7ois | Ana\u00eblle Kins | Sylvie Li\u00e9tar | In\u00e8s Mendes | Mathieu Pereira | Jan Staelens | Jean-Pierre Winberg<\/p>\n<p style=\"text-align: center;\"><strong>Artistic\/programming committee<br \/>\n<\/strong>Souad Ala | Peter Carpentier | Jeanne Fran\u00e7ois<br \/>\nMarie Miltcheva-Demotte | Mathieu Pereira | Jean-Pierre Winberg<\/p>\n<p style=\"text-align: center;\"><strong>Short film programming committee<br \/>\n<\/strong>Jeanne Fran\u00e7ois | Gre\u0301gory Lacroix | Jean-Pierre Winberg | Souad Ala<\/p>\n<p style=\"text-align: center;\"><strong>Technical team managers<\/strong><br \/>\nPascal Deauville\u0301e, Rebecca Lamarque, Arnaud Cresp (Note\u0301le\u0301) | Manu Herviant (Imagix) | Quentin Voisey (Maison de la Culture de Tournai)<\/p>\n<p><strong>Credits |<\/strong> Ours blanc\u00a0(Thomas Boucart &amp; Dany Leblanc)<br \/>\n<strong>Ramdam Mobile App :<\/strong>\u00a0<a href=\"https:\/\/www.bizzdev.com\/\">BizzDev<\/a><br \/>\nWebsite : Kobold<\/p>\n<div class=\"page\" title=\"Page 5\">\n<div class=\"layoutArea\">\n<div class=\"column\">\n<div class=\"page\" title=\"Page 5\">\n<div class=\"layoutArea\">\n<div class=\"column\">\n<div class=\"page\" title=\"Page 5\">\n<div class=\"layoutArea\">\n<div class=\"column\">\n<div class=\"page\" title=\"Page 5\">\n<div class=\"layoutArea\">\n<div class=\"column\">\n<div class=\"page\" title=\"Page 5\">\n<div class=\"layoutArea\">\n<div class=\"column\">\n<div class=\"page\" title=\"Page 5\">\n<div class=\"layoutArea\">\n<div class=\"column\">\n<div class=\"page\" title=\"Page 5\">\n<div class=\"layoutArea\">\n<div class=\"column\">\n<div class=\"page\" title=\"Page 5\">\n<div class=\"layoutArea\"><\/div>\n<\/div>\n<\/div>\n<\/div>\n<\/div>\n<\/div>\n<\/div>\n<\/div>\n<\/div>\n<\/div>\n<\/div>\n<\/div>\n<\/div>\n<\/div>\n<\/div>\n<\/div>\n<\/div>\n<\/div>\n<\/div>\n<\/div>\n<\/div>\n<\/div>\n<\/div>\n","protected":false},"excerpt":{"rendered":"<p>President | Jean-Pierre Winberg Production coordination manager | Jeanne Fran\u00e7ois Location manager | Bruno Se\u0301pulchre Guest &amp; Production Manager\u00a0|\u00a0Camille Hoebanx Communication &amp; Partnerships : Louise Gabriels Ticketing &amp; reception manager : Aniouchka Lambert Communication Web &amp; Graphic Designer | Louis Printz Program Graphic Designer : Fran\u00e7ois Bouton Technical Management | Julie Gosselin Press Officer (Belgium)\u00a0|\u00a0Louise-Marie [&hellip;]<\/p>\n","protected":false},"author":33,"featured_media":0,"parent":0,"menu_order":0,"comment_status":"closed","ping_status":"closed","template":"","meta":{"_acf_changed":false,"_monsterinsights_skip_tracking":false,"_monsterinsights_sitenote_active":false,"_monsterinsights_sitenote_note":"","_monsterinsights_sitenote_category":0,"footnotes":""},"class_list":["post-951","page","type-page","status-publish","hentry"],"acf":[],"yoast_head":"<!-- This site is optimized with the Yoast SEO plugin v27.3 - https:\/\/yoast.com\/product\/yoast-seo-wordpress\/ -->\n<title>Our Team | Ramdam Festival - Le Festival du Film Qui D\u00e9range<\/title>\n<meta name=\"robots\" content=\"index, follow, max-snippet:-1, max-image-preview:large, max-video-preview:-1\" \/>\n<link rel=\"canonical\" href=\"https:\/\/www.ramdamfestival.be\/en\/our-team\/\" \/>\n<meta property=\"og:locale\" content=\"en_US\" \/>\n<meta property=\"og:type\" content=\"article\" \/>\n<meta property=\"og:title\" content=\"Our Team | Ramdam Festival - Le Festival du Film Qui D\u00e9range\" \/>\n<meta property=\"og:description\" content=\"President | Jean-Pierre Winberg Production coordination manager | Jeanne Fran\u00e7ois Location manager | Bruno Se\u0301pulchre Guest &amp; Production Manager\u00a0|\u00a0Camille Hoebanx Communication &amp; Partnerships : Louise Gabriels Ticketing &amp; reception manager : Aniouchka Lambert Communication Web &amp; Graphic Designer | Louis Printz Program Graphic Designer : Fran\u00e7ois Bouton Technical Management | Julie Gosselin Press Officer (Belgium)\u00a0|\u00a0Louise-Marie [&hellip;]\" \/>\n<meta property=\"og:url\" content=\"https:\/\/www.ramdamfestival.be\/en\/our-team\/\" \/>\n<meta property=\"og:site_name\" content=\"Ramdam Festival - Le Festival du Film Qui D\u00e9range\" \/>\n<meta property=\"article:modified_time\" content=\"2025-12-16T23:16:12+00:00\" \/>\n<meta name=\"twitter:card\" content=\"summary_large_image\" \/>\n<meta name=\"twitter:label1\" content=\"Est. reading time\" \/>\n\t<meta name=\"twitter:data1\" content=\"1 minute\" \/>\n<script type=\"application\/ld+json\" class=\"yoast-schema-graph\">{\"@context\":\"https:\\\/\\\/schema.org\",\"@graph\":[{\"@type\":\"WebPage\",\"@id\":\"https:\\\/\\\/www.ramdamfestival.be\\\/en\\\/our-team\\\/\",\"url\":\"https:\\\/\\\/www.ramdamfestival.be\\\/en\\\/our-team\\\/\",\"name\":\"Our Team | Ramdam Festival - Le Festival du Film Qui D\u00e9range\",\"isPartOf\":{\"@id\":\"https:\\\/\\\/www.ramdamfestival.be\\\/#website\"},\"datePublished\":\"2016-04-05T14:55:09+00:00\",\"dateModified\":\"2025-12-16T23:16:12+00:00\",\"breadcrumb\":{\"@id\":\"https:\\\/\\\/www.ramdamfestival.be\\\/en\\\/our-team\\\/#breadcrumb\"},\"inLanguage\":\"en-US\",\"potentialAction\":[{\"@type\":\"ReadAction\",\"target\":[\"https:\\\/\\\/www.ramdamfestival.be\\\/en\\\/our-team\\\/\"]}]},{\"@type\":\"BreadcrumbList\",\"@id\":\"https:\\\/\\\/www.ramdamfestival.be\\\/en\\\/our-team\\\/#breadcrumb\",\"itemListElement\":[{\"@type\":\"ListItem\",\"position\":1,\"name\":\"Accueil\",\"item\":\"https:\\\/\\\/www.ramdamfestival.be\\\/en\\\/\"},{\"@type\":\"ListItem\",\"position\":2,\"name\":\"Our Team\"}]},{\"@type\":\"WebSite\",\"@id\":\"https:\\\/\\\/www.ramdamfestival.be\\\/#website\",\"url\":\"https:\\\/\\\/www.ramdamfestival.be\\\/\",\"name\":\"Ramdam Festival - Le Festival du Film Qui D\u00e9range\",\"description\":\"Le Festival du Film Qui D\u00e9range\",\"potentialAction\":[{\"@type\":\"SearchAction\",\"target\":{\"@type\":\"EntryPoint\",\"urlTemplate\":\"https:\\\/\\\/www.ramdamfestival.be\\\/?s={search_term_string}\"},\"query-input\":{\"@type\":\"PropertyValueSpecification\",\"valueRequired\":true,\"valueName\":\"search_term_string\"}}],\"inLanguage\":\"en-US\"}]}<\/script>\n<!-- \/ Yoast SEO plugin. -->","yoast_head_json":{"title":"Our Team | Ramdam Festival - Le Festival du Film Qui D\u00e9range","robots":{"index":"index","follow":"follow","max-snippet":"max-snippet:-1","max-image-preview":"max-image-preview:large","max-video-preview":"max-video-preview:-1"},"canonical":"https:\/\/www.ramdamfestival.be\/en\/our-team\/","og_locale":"en_US","og_type":"article","og_title":"Our Team | Ramdam Festival - Le Festival du Film Qui D\u00e9range","og_description":"President | Jean-Pierre Winberg Production coordination manager | Jeanne Fran\u00e7ois Location manager | Bruno Se\u0301pulchre Guest &amp; Production Manager\u00a0|\u00a0Camille Hoebanx Communication &amp; Partnerships : Louise Gabriels Ticketing &amp; reception manager : Aniouchka Lambert Communication Web &amp; Graphic Designer | Louis Printz Program Graphic Designer : Fran\u00e7ois Bouton Technical Management | Julie Gosselin Press Officer (Belgium)\u00a0|\u00a0Louise-Marie [&hellip;]","og_url":"https:\/\/www.ramdamfestival.be\/en\/our-team\/","og_site_name":"Ramdam Festival - Le Festival du Film Qui D\u00e9range","article_modified_time":"2025-12-16T23:16:12+00:00","twitter_card":"summary_large_image","twitter_misc":{"Est. reading time":"1 minute"},"schema":{"@context":"https:\/\/schema.org","@graph":[{"@type":"WebPage","@id":"https:\/\/www.ramdamfestival.be\/en\/our-team\/","url":"https:\/\/www.ramdamfestival.be\/en\/our-team\/","name":"Our Team | Ramdam Festival - Le Festival du Film Qui D\u00e9range","isPartOf":{"@id":"https:\/\/www.ramdamfestival.be\/#website"},"datePublished":"2016-04-05T14:55:09+00:00","dateModified":"2025-12-16T23:16:12+00:00","breadcrumb":{"@id":"https:\/\/www.ramdamfestival.be\/en\/our-team\/#breadcrumb"},"inLanguage":"en-US","potentialAction":[{"@type":"ReadAction","target":["https:\/\/www.ramdamfestival.be\/en\/our-team\/"]}]},{"@type":"BreadcrumbList","@id":"https:\/\/www.ramdamfestival.be\/en\/our-team\/#breadcrumb","itemListElement":[{"@type":"ListItem","position":1,"name":"Accueil","item":"https:\/\/www.ramdamfestival.be\/en\/"},{"@type":"ListItem","position":2,"name":"Our Team"}]},{"@type":"WebSite","@id":"https:\/\/www.ramdamfestival.be\/#website","url":"https:\/\/www.ramdamfestival.be\/","name":"Ramdam Festival - Le Festival du Film Qui D\u00e9range","description":"Le Festival du Film Qui D\u00e9range","potentialAction":[{"@type":"SearchAction","target":{"@type":"EntryPoint","urlTemplate":"https:\/\/www.ramdamfestival.be\/?s={search_term_string}"},"query-input":{"@type":"PropertyValueSpecification","valueRequired":true,"valueName":"search_term_string"}}],"inLanguage":"en-US"}]}},"_links":{"self":[{"href":"https:\/\/www.ramdamfestival.be\/en\/wp-json\/wp\/v2\/pages\/951","targetHints":{"allow":["GET"]}}],"collection":[{"href":"https:\/\/www.ramdamfestival.be\/en\/wp-json\/wp\/v2\/pages"}],"about":[{"href":"https:\/\/www.ramdamfestival.be\/en\/wp-json\/wp\/v2\/types\/page"}],"author":[{"embeddable":true,"href":"https:\/\/www.ramdamfestival.be\/en\/wp-json\/wp\/v2\/users\/33"}],"replies":[{"embeddable":true,"href":"https:\/\/www.ramdamfestival.be\/en\/wp-json\/wp\/v2\/comments?post=951"}],"version-history":[{"count":6,"href":"https:\/\/www.ramdamfestival.be\/en\/wp-json\/wp\/v2\/pages\/951\/revisions"}],"predecessor-version":[{"id":11743,"href":"https:\/\/www.ramdamfestival.be\/en\/wp-json\/wp\/v2\/pages\/951\/revisions\/11743"}],"wp:attachment":[{"href":"https:\/\/www.ramdamfestival.be\/en\/wp-json\/wp\/v2\/media?parent=951"}],"curies":[{"name":"wp","href":"https:\/\/api.w.org\/{rel}","templated":true}]}}