{"id":1055,"date":"2016-04-05T07:28:15","date_gmt":"2016-04-05T05:28:15","guid":{"rendered":"https:\/\/www.ramdamfestival.be\/en\/mentions-legales\/"},"modified":"2024-01-09T22:53:39","modified_gmt":"2024-01-09T21:53:39","slug":"mentions-legales","status":"publish","type":"page","link":"https:\/\/www.ramdamfestival.be\/en\/mentions-legales\/","title":{"rendered":"Mentions l\u00e9gales"},"content":{"rendered":"<h2>Conditions d\u2019utilisation du service Ramdamfestival.be et l&#8217;application Ramdam<\/h2>\n<p><b>Article 1. Objet<\/b><\/p>\n<p>Les responsables du Ramdam Festival, ci-apr\u00e8s d\u00e9nomm\u00e9e \u00ab Ramdam, le festival du film qui d\u00e9range asbl \u00bb met \u00e0 disposition des internautes diverses informations concernant le festival, sa programmation, ses activit\u00e9s, ses partenaires, etc.<\/p>\n<p>Ramdamfestival.be est un produit du Ramdam Festival d\u00e9velopp\u00e9 par la soci\u00e9t\u00e9 BHEN.<\/p>\n<p><b>Article 2.\u00a0Inscription \u00e0 la newsletter <\/b><br \/>\nL\u2019inscription \u00e0 la newsletter implique l&#8217;acceptation sans r\u00e9serve des pr\u00e9sentes conditions d\u2019utilisation.<\/p>\n<p><b>Article 3.\u00a0Acc\u00e8s \u00e0 l\u2019espace pro\/presse<\/b><\/p>\n<p>Le Ramdam Festival se donne le droit d\u2019analyser la demande d\u2019acc\u00e8s \u00e0 l\u2019espace Pro\/presse et de l\u2019accepter ou de la refuser selon l\u2019utilisation que le demandeur compte en faire.<\/p>\n<p>La demande d\u2019acc\u00e8s doit \u00eatre introduite par l\u2019internaute qui recevra ensuite un e-mail avec ses codes d\u2019acc\u00e8s apr\u00e8s analyse de la demande par le Ramdam Festival.<\/p>\n<p>L\u2019espace Pro\/presse est r\u00e9serv\u00e9\u00a0:<\/p>\n<ul>\n<li>\u00c0 la presse afin qu\u2019elle ait acc\u00e8s \u00e0 diverses informations telles que les communiqu\u00e9s de presse, les photos du festival, les informations concernant la programmation, les demandes d\u2019accr\u00e9ditation et d\u2019interviews,\u2026<\/li>\n<li>Les professionnels du cin\u00e9ma\u00a0 pour d\u00e9poser des films, d\u00e9couvrir et s\u2019inscrire aux rencontres franco-belges du cin\u00e9ma,\u2026<\/li>\n<li>Les collaborateurs du Ramdam Festival qui ont besoin d\u2019\u00e9l\u00e9ments graphiques<\/li>\n<\/ul>\n<p><b>Article 4.\u00a0Mot de passe et identifiant<\/b><br \/>\nL\u2019utilisateur est responsable de la sauvegarde de son mot de passe et de son identifiant. Ceux-ci sont personnels et leurs transmissions \u00e0 des tiers par l\u2019utilisateur se fait sous sa responsabilit\u00e9. Le Ramdam Festival conseille d\u2019utiliser des mots de passe forts combinant des caract\u00e8res majuscules et minuscules, des chiffres et des symboles.<br \/>\n<b>Article 5.\u00a0Collecte des donn\u00e9es<\/b><br \/>\nLes donn\u00e9es sollicit\u00e9es et collect\u00e9es lors de l\u2019inscription \u00e0 la newsletter et \u00e0 l\u2019espace pro\/presse ou lors du d\u00e9p\u00f4t d\u2019un film, ne sont pas rendues publiques et sont destin\u00e9es \u00e0 la bonne gestion des comptes par le Ramdam Festival et le service en charge de l\u2019administration du site. L\u2019utilisateur accepte donc de fournir les informations obligatoires ci-apr\u00e8s :<\/p>\n<ul>\n<li>nom ;<\/li>\n<li>pr\u00e9nom ;<\/li>\n<li>fonction\u00a0;<\/li>\n<li>soci\u00e9t\u00e9\u00a0;<\/li>\n<li>adresse ;<\/li>\n<li>ville ;<\/li>\n<li>code postal ;<\/li>\n<li>adresse email ;<\/li>\n<li>num\u00e9ro de t\u00e9l\u00e9phone portable\u00a0;<\/li>\n<\/ul>\n<p>Si l\u2019utilisateur fournit des informations fausses, inexactes, p\u00e9rim\u00e9es ou incompl\u00e8tes, le Ramdam Festival sera en droit de suspendre ou de r\u00e9silier l\u2019acc\u00e8s litigieux pro\/press du site ramdamfestival.be, et ce sans pr\u00e9avis.<\/p>\n<p><b>Article 6.\u00a0 Utilisation de cookies<\/b><br \/>\nEn vous informant sur la mani\u00e8re dont nous g\u00e9rons les cookies, nous respectons la loi du 10 juillet 2012 portant des dispositions diverses en mati\u00e8re de communications \u00e9lectroniques (cit\u00e9 comme loi T\u00e9l\u00e9com) et transposant la Directive europ\u00e9enne n\u00b0 2009\/136\/CE du Parlement europ\u00e9en et du Conseil du 25 novembre 25 novembre 2009, quant aux nouvelles contraintes et obligations des \u00e9diteurs et propri\u00e9taires de sites internet sur l&#8217;information \u00e0 fournir aux visiteurs.<\/p>\n<p><b>Que sont les cookies ?<\/b><br \/>\nUn cookie est un petit fichier qui enregistre des informations sur le comportement du visiteur d&#8217;un site internet et, bien que g\u00e9n\u00e9r\u00e9 par le serveur informatique du site consult\u00e9, il est automatiquement enregistr\u00e9 sur le disque dur de l&#8217;ordinateur, smartphone ou tablette du visiteur.<br \/>\nIl existe deux types de cookies : les temporaires et les permanents. Le cookie temporaire qui est effac\u00e9 d\u00e8s que le navigateur internet est ferm\u00e9. Le cookie permanent est stock\u00e9 sur le disque dur de l&#8217;ordinateur connect\u00e9.<\/p>\n<p><b>Quels cookies sont utilis\u00e9s par le Ramdam Festival ?<\/b><br \/>\nPour am\u00e9liorer l&#8217;exp\u00e9rience utilisateur de notre site internet, nous utilisons trois types de cookies : ceux de session, de pr\u00e9f\u00e9rences et analytiques.<br \/>\n<b><i>\u00b0Cookies de session<\/i><\/b> : ils sont utilis\u00e9s pour stocker des informations sur les sessions. Les pages internet n\u2019ont pas de m\u00e9moire. Ces cookies permettent aux propri\u00e9taires de sites internet de suivre les mouvements des utilisateurs visitant le site d\u2019une page \u00e0 l\u2019autre afin d\u2019\u00e9viter de leur demander les m\u00eames informations que celles qu\u2019ils ont d\u00e9j\u00e0 donn\u00e9es au site. Ils sont supprim\u00e9s lorsque le navigateur est ferm\u00e9.<br \/>\n<b><i>\u00b0Cookies de pr\u00e9f\u00e9rences<\/i><\/b> : au cours de la visite d&#8217;un site internet, ces cookies servent pour stocker des informations sur le type de navigateur utilis\u00e9 et les logiciels de navigation suppl\u00e9mentaires install\u00e9s. Ils stockent aussi les pr\u00e9f\u00e9rences s\u00e9lectionn\u00e9es lors de la personnalisation du site internet si ce dernier le pr\u00e9voit, par exemple le lieu, la langue ou les polices de caract\u00e8res pr\u00e9f\u00e9r\u00e9es. Ces pr\u00e9f\u00e9rences sont m\u00e9moris\u00e9es au moyen des cookies persistants, et le visiteur n&#8217;aura pas \u00e0 d\u00e9finir ses pr\u00e9f\u00e9rences \u00e0 chaque consultation du site.<br \/>\n<b><i>\u00b0Cookies analytiques<\/i><\/b> : ils nous aident \u00e0 en savoir plus l&#8217;interaction du visiteur avec notre contenu afin de nous permettre d\u2019am\u00e9liorer la pr\u00e9sentation de nos sites. Ils collectent des informations sur la mani\u00e8re dont les visiteurs utilisent nos sites, le site internet de provenance de l\u2019utilisateur, le nombre de visites de chaque utilisateur et la dur\u00e9e de la visite d\u2019un utilisateur sur le site.<br \/>\n<b>Y-a-t-il des donn\u00e9es personnelles transmises comme un nom, une adresse,&#8230;?<\/b><br \/>\nNon. Ces informations n\u2019enregistrent que des donn\u00e9es techniques et des donn\u00e9es sur le mode de consultation de notre site internet.<\/p>\n<p><b>Et le respect de la vie priv\u00e9e ?<\/b><br \/>\nLes cookies qu\u2019utilise le Ramdam Festival ne permettent pas d\u2019identifier des personnes. Ils ne contiennent aucune donn\u00e9e personnelle et ne peuvent en aucun cas associer une donn\u00e9e technique \u00e0 un individu identifi\u00e9 par son nom et\/ou pr\u00e9nom.<\/p>\n<p><b>Comment modifier les param\u00e8tres des cookies ?<\/b><br \/>\nPour modifier les param\u00e8tres des cookies, il faut passer par le param\u00e9trage du navigateur internet. Voici les liens vers des ressources pour les principaux navigateurs internet :<\/p>\n<p>Google Chrome :\u00a0<a href=\"https:\/\/www.google.com\/intl\/fr_be\/policies\/technologies\/managing\">https:\/\/www.google.com\/intl\/fr_be\/policies\/technologies\/managing<\/a><br \/>\nInternet Explorer :\u00a0<a href=\"http:\/\/windows.microsoft.com\/fr-be\/windows7\/block-enable-or-allow-cookies\">http:\/\/windows.microsoft.com\/fr-be\/windows7\/block-enable-or-allow-cookies<\/a><br \/>\nMozilla Firefox :\u00a0<a href=\"https:\/\/support.mozilla.org\/fr\/kb\/cookies-informations-sites-enregistrent\">https:\/\/support.mozilla.org\/fr\/kb\/cookies-informations-sites-enregistrent<\/a><br \/>\nSafari :\u00a0<a href=\"http:\/\/support.apple.com\/kb\/ph5042\">http:\/\/support.apple.com\/kb\/ph5042<\/a>\u00a0(anglais)<\/p>\n<h3>Demande de suppression des donn\u00e9es personnelles<\/h3>\n<p>Les utilisateurs ayant fourni des informations personnelles lors de leur inscription \u00e0 la newsletter, \u00e0 l&#8217;espace pro\/presse ou lors du d\u00e9p\u00f4t d&#8217;un film peuvent demander la suppression de leurs donn\u00e9es en contactant l&#8217;\u00e9quipe de gestion des donn\u00e9es du Ramdam Festival.<\/p>\n<p>Pour demander la suppression de vos donn\u00e9es personnelles, veuillez nous contacter \u00e0 l&#8217;adresse suivante : <a href=\"mailto:info@ramdamfestival.be\">info@ramdamfestival.be<\/a>.<\/p>\n<p>Veuillez noter que la suppression des donn\u00e9es peut \u00eatre soumise \u00e0 certaines exigences l\u00e9gales ou r\u00e9glementaires, et que nous prendrons toutes les mesures raisonnables pour r\u00e9pondre \u00e0 votre demande dans les d\u00e9lais l\u00e9gaux applicables.<\/p>\n<h3>Suppression des donn\u00e9es personnelles via l&#8217;application mobile<\/h3>\n<p>Si vous souhaitez supprimer vos donn\u00e9es personnelles associ\u00e9es \u00e0 notre service, vous pouvez le faire en suivant les \u00e9tapes ci-dessous :<\/p>\n<p><b>\u00c9tape 1 : Ouvrir l&#8217;application mobile et se connecter<\/b><\/p>\n<p>Connectez-vous \u00e0 l&#8217;application mobile du Ramdam Festival en utilisant vos identifiants.<\/p>\n<p><b>\u00c9tape 2 : acc\u00e9der au bouton de suppression du compte<\/b><\/p>\n<p>Apr\u00e8s votre connexion, acc\u00e9der au menu d\u00e9roulant, vous devriez apercevoir un bouton rouge \u00abSupprimer mon compte\u00a0\u00bb<\/p>\n<p><b>\u00c9tape 3 : Confirmer la suppression<\/b><\/p>\n<p>Suivez les instructions pour confirmer votre demande de suppression de compte.<\/p>\n<p><b>\u00c9tape 4 : Confirmation de la suppression<\/b><\/p>\n<p>Une fois la suppression confirm\u00e9e, toutes les donn\u00e9es personnelles associ\u00e9es \u00e0 votre compte seront supprim\u00e9es de notre syst\u00e8me.<\/p>\n<p>Veuillez noter que cette action est irr\u00e9versible et que toutes les informations, y compris l&#8217;historique des pr\u00e9f\u00e9rences de compte et les donn\u00e9es li\u00e9es \u00e0 votre profil, seront d\u00e9finitivement effac\u00e9es de nos bases de donn\u00e9es.<\/p>\n<p>Si vous rencontrez des difficult\u00e9s lors de ce processus ou si vous avez des questions suppl\u00e9mentaires concernant la suppression de vos donn\u00e9es, n&#8217;h\u00e9sitez pas \u00e0 nous contacter \u00e0 l&#8217;adresse suivante : <a href=\"mailto:info@ramdamfestival.be\">info@ramdamfestival.be<\/a>.<\/p>\n<hr \/>\n<p><strong>Editeur responsable et cr\u00e9dits<br \/>\n<\/strong>L&#8217;\u00e9diteur responsable du site internet du domaine &#8220;Ramdamfestival.be&#8221; est le Ramdam, le festival du film qui d\u00e9range asbl<\/p>\n<p>Ramdam Festival<br \/>\nBoulevard Delwart 60<br \/>\n7500 &#8211; Tournai &#8211; Belgique<br \/>\nT\u00e9l\u00e9phone : +32 475 64 90 26<br \/>\nEmail :\u00a0<a href=\"mailto:info@ramdamfestival.be\">info@ramdamfestival.be<\/a><\/p>\n<p><b>Conception<\/b><br \/>\nLe site internet du Ramdam festival (<a href=\"https:\/\/www.ramdamfestival.be\/en\/\">www.ramdamfestival.be<\/a>) a \u00e9t\u00e9 con\u00e7u par le Ramdam Festival qui en a propos\u00e9 les principes sur lesquels il repose, les choix techniques, sa structuration et son ergonomie ainsi que sur les orientations graphiques.<\/p>\n<p><b>R\u00e9alisation<\/b><br \/>\nLes d\u00e9veloppements et la r\u00e9alisation graphique du site internet du Ramdam festival (<a href=\"https:\/\/www.ramdamfestival.be\/en\/\">www.ramdamfestival.be<\/a>) a \u00e9t\u00e9 confi\u00e9 \u00e0 la soci\u00e9t\u00e9 BHEN et Tigre Blanc par le Ramdam festival.<\/p>\n<p><b>H\u00e9bergement, administration et maintenance technique<\/b><br \/>\nL&#8217;h\u00e9bergement du site internet de Ramdam festival a \u00e9t\u00e9 confi\u00e9 \u00e0 la soci\u00e9t\u00e9 WP Engine et l&#8217;administration et la maintenance technique du site sont confi\u00e9es \u00e0 la soci\u00e9t\u00e9 Mediakod.<\/p>\n<p><b>Gestion et administration du site<\/b><br \/>\nLa gestion et l&#8217;administration des contenus et\/ou surveillance de ces derniers, ainsi que l&#8217;administration des outils sont assur\u00e9s par le Ramdam Festival (info@ramdamfestival.be).<\/p>\n<p><b>Cr\u00e9dits photos<\/b><br \/>\nLes illustrations et photographies sont au cr\u00e9dit de : Ramdam Festival, Tigre Blanc, N\u00e9ographie, Beno\u00eet Dochy, Jacques Wagner, Th\u00e9o Da Costa, Beno\u00eet Destrebecq, Ludovic Vandenweghe, David Amenta, Charly Desoubry. Des cr\u00e9dits additionnels peuvent \u00eatre mentionn\u00e9s sur les illustrations et photographies.<\/p>\n","protected":false},"excerpt":{"rendered":"<p>Conditions d\u2019utilisation du service Ramdamfestival.be et l&#8217;application Ramdam Article 1. Objet Les responsables du Ramdam Festival, ci-apr\u00e8s d\u00e9nomm\u00e9e \u00ab Ramdam, le festival du film qui d\u00e9range asbl \u00bb met \u00e0 disposition des internautes diverses informations concernant le festival, sa programmation, ses activit\u00e9s, ses partenaires, etc. Ramdamfestival.be est un produit du Ramdam Festival d\u00e9velopp\u00e9 par la [&hellip;]<\/p>\n","protected":false},"author":33,"featured_media":0,"parent":0,"menu_order":1000,"comment_status":"closed","ping_status":"closed","template":"","meta":{"_acf_changed":false,"_monsterinsights_skip_tracking":false,"_monsterinsights_sitenote_active":false,"_monsterinsights_sitenote_note":"","_monsterinsights_sitenote_category":0,"footnotes":""},"class_list":["post-1055","page","type-page","status-publish","hentry"],"acf":[],"yoast_head":"<!-- This site is optimized with the Yoast SEO plugin v27.3 - https:\/\/yoast.com\/product\/yoast-seo-wordpress\/ -->\n<title>Mentions l\u00e9gales | Ramdam Festival - Le Festival du Film Qui D\u00e9range<\/title>\n<meta name=\"robots\" content=\"index, follow, max-snippet:-1, max-image-preview:large, max-video-preview:-1\" \/>\n<link rel=\"canonical\" href=\"https:\/\/www.ramdamfestival.be\/en\/mentions-legales\/\" \/>\n<meta property=\"og:locale\" content=\"en_US\" \/>\n<meta property=\"og:type\" content=\"article\" \/>\n<meta property=\"og:title\" content=\"Mentions l\u00e9gales | Ramdam Festival - Le Festival du Film Qui D\u00e9range\" \/>\n<meta property=\"og:description\" content=\"Conditions d\u2019utilisation du service Ramdamfestival.be et l&#8217;application Ramdam Article 1. Objet Les responsables du Ramdam Festival, ci-apr\u00e8s d\u00e9nomm\u00e9e \u00ab Ramdam, le festival du film qui d\u00e9range asbl \u00bb met \u00e0 disposition des internautes diverses informations concernant le festival, sa programmation, ses activit\u00e9s, ses partenaires, etc. Ramdamfestival.be est un produit du Ramdam Festival d\u00e9velopp\u00e9 par la [&hellip;]\" \/>\n<meta property=\"og:url\" content=\"https:\/\/www.ramdamfestival.be\/en\/mentions-legales\/\" \/>\n<meta property=\"og:site_name\" content=\"Ramdam Festival - Le Festival du Film Qui D\u00e9range\" \/>\n<meta property=\"article:modified_time\" content=\"2024-01-09T21:53:39+00:00\" \/>\n<meta name=\"twitter:card\" content=\"summary_large_image\" \/>\n<meta name=\"twitter:label1\" content=\"Est. reading time\" \/>\n\t<meta name=\"twitter:data1\" content=\"8 minutes\" \/>\n<script type=\"application\/ld+json\" class=\"yoast-schema-graph\">{\"@context\":\"https:\\\/\\\/schema.org\",\"@graph\":[{\"@type\":\"WebPage\",\"@id\":\"https:\\\/\\\/www.ramdamfestival.be\\\/en\\\/mentions-legales\\\/\",\"url\":\"https:\\\/\\\/www.ramdamfestival.be\\\/en\\\/mentions-legales\\\/\",\"name\":\"Mentions l\u00e9gales | Ramdam Festival - Le Festival du Film Qui D\u00e9range\",\"isPartOf\":{\"@id\":\"https:\\\/\\\/www.ramdamfestival.be\\\/#website\"},\"datePublished\":\"2016-04-05T05:28:15+00:00\",\"dateModified\":\"2024-01-09T21:53:39+00:00\",\"breadcrumb\":{\"@id\":\"https:\\\/\\\/www.ramdamfestival.be\\\/en\\\/mentions-legales\\\/#breadcrumb\"},\"inLanguage\":\"en-US\",\"potentialAction\":[{\"@type\":\"ReadAction\",\"target\":[\"https:\\\/\\\/www.ramdamfestival.be\\\/en\\\/mentions-legales\\\/\"]}]},{\"@type\":\"BreadcrumbList\",\"@id\":\"https:\\\/\\\/www.ramdamfestival.be\\\/en\\\/mentions-legales\\\/#breadcrumb\",\"itemListElement\":[{\"@type\":\"ListItem\",\"position\":1,\"name\":\"Accueil\",\"item\":\"https:\\\/\\\/www.ramdamfestival.be\\\/en\\\/\"},{\"@type\":\"ListItem\",\"position\":2,\"name\":\"Mentions l\u00e9gales\"}]},{\"@type\":\"WebSite\",\"@id\":\"https:\\\/\\\/www.ramdamfestival.be\\\/#website\",\"url\":\"https:\\\/\\\/www.ramdamfestival.be\\\/\",\"name\":\"Ramdam Festival - Le Festival du Film Qui D\u00e9range\",\"description\":\"Le Festival du Film Qui D\u00e9range\",\"potentialAction\":[{\"@type\":\"SearchAction\",\"target\":{\"@type\":\"EntryPoint\",\"urlTemplate\":\"https:\\\/\\\/www.ramdamfestival.be\\\/?s={search_term_string}\"},\"query-input\":{\"@type\":\"PropertyValueSpecification\",\"valueRequired\":true,\"valueName\":\"search_term_string\"}}],\"inLanguage\":\"en-US\"}]}<\/script>\n<!-- \/ Yoast SEO plugin. -->","yoast_head_json":{"title":"Mentions l\u00e9gales | Ramdam Festival - Le Festival du Film Qui D\u00e9range","robots":{"index":"index","follow":"follow","max-snippet":"max-snippet:-1","max-image-preview":"max-image-preview:large","max-video-preview":"max-video-preview:-1"},"canonical":"https:\/\/www.ramdamfestival.be\/en\/mentions-legales\/","og_locale":"en_US","og_type":"article","og_title":"Mentions l\u00e9gales | Ramdam Festival - Le Festival du Film Qui D\u00e9range","og_description":"Conditions d\u2019utilisation du service Ramdamfestival.be et l&#8217;application Ramdam Article 1. Objet Les responsables du Ramdam Festival, ci-apr\u00e8s d\u00e9nomm\u00e9e \u00ab Ramdam, le festival du film qui d\u00e9range asbl \u00bb met \u00e0 disposition des internautes diverses informations concernant le festival, sa programmation, ses activit\u00e9s, ses partenaires, etc. Ramdamfestival.be est un produit du Ramdam Festival d\u00e9velopp\u00e9 par la [&hellip;]","og_url":"https:\/\/www.ramdamfestival.be\/en\/mentions-legales\/","og_site_name":"Ramdam Festival - Le Festival du Film Qui D\u00e9range","article_modified_time":"2024-01-09T21:53:39+00:00","twitter_card":"summary_large_image","twitter_misc":{"Est. reading time":"8 minutes"},"schema":{"@context":"https:\/\/schema.org","@graph":[{"@type":"WebPage","@id":"https:\/\/www.ramdamfestival.be\/en\/mentions-legales\/","url":"https:\/\/www.ramdamfestival.be\/en\/mentions-legales\/","name":"Mentions l\u00e9gales | Ramdam Festival - Le Festival du Film Qui D\u00e9range","isPartOf":{"@id":"https:\/\/www.ramdamfestival.be\/#website"},"datePublished":"2016-04-05T05:28:15+00:00","dateModified":"2024-01-09T21:53:39+00:00","breadcrumb":{"@id":"https:\/\/www.ramdamfestival.be\/en\/mentions-legales\/#breadcrumb"},"inLanguage":"en-US","potentialAction":[{"@type":"ReadAction","target":["https:\/\/www.ramdamfestival.be\/en\/mentions-legales\/"]}]},{"@type":"BreadcrumbList","@id":"https:\/\/www.ramdamfestival.be\/en\/mentions-legales\/#breadcrumb","itemListElement":[{"@type":"ListItem","position":1,"name":"Accueil","item":"https:\/\/www.ramdamfestival.be\/en\/"},{"@type":"ListItem","position":2,"name":"Mentions l\u00e9gales"}]},{"@type":"WebSite","@id":"https:\/\/www.ramdamfestival.be\/#website","url":"https:\/\/www.ramdamfestival.be\/","name":"Ramdam Festival - Le Festival du Film Qui D\u00e9range","description":"Le Festival du Film Qui D\u00e9range","potentialAction":[{"@type":"SearchAction","target":{"@type":"EntryPoint","urlTemplate":"https:\/\/www.ramdamfestival.be\/?s={search_term_string}"},"query-input":{"@type":"PropertyValueSpecification","valueRequired":true,"valueName":"search_term_string"}}],"inLanguage":"en-US"}]}},"_links":{"self":[{"href":"https:\/\/www.ramdamfestival.be\/en\/wp-json\/wp\/v2\/pages\/1055","targetHints":{"allow":["GET"]}}],"collection":[{"href":"https:\/\/www.ramdamfestival.be\/en\/wp-json\/wp\/v2\/pages"}],"about":[{"href":"https:\/\/www.ramdamfestival.be\/en\/wp-json\/wp\/v2\/types\/page"}],"author":[{"embeddable":true,"href":"https:\/\/www.ramdamfestival.be\/en\/wp-json\/wp\/v2\/users\/33"}],"replies":[{"embeddable":true,"href":"https:\/\/www.ramdamfestival.be\/en\/wp-json\/wp\/v2\/comments?post=1055"}],"version-history":[{"count":2,"href":"https:\/\/www.ramdamfestival.be\/en\/wp-json\/wp\/v2\/pages\/1055\/revisions"}],"predecessor-version":[{"id":8139,"href":"https:\/\/www.ramdamfestival.be\/en\/wp-json\/wp\/v2\/pages\/1055\/revisions\/8139"}],"wp:attachment":[{"href":"https:\/\/www.ramdamfestival.be\/en\/wp-json\/wp\/v2\/media?parent=1055"}],"curies":[{"name":"wp","href":"https:\/\/api.w.org\/{rel}","templated":true}]}}