{"id":1037,"date":"2016-01-04T15:18:20","date_gmt":"2016-01-04T14:18:20","guid":{"rendered":"https:\/\/www.ramdamfestival.be\/en\/programmation\/cinefourchette\/"},"modified":"2025-12-16T21:42:37","modified_gmt":"2025-12-16T20:42:37","slug":"cinefourchette","status":"publish","type":"page","link":"https:\/\/www.ramdamfestival.be\/en\/cinefourchette\/","title":{"rendered":"Cin\u00e9-fourchette"},"content":{"rendered":"<div class=\"page\" title=\"Page 3\">\n<div class=\"layoutArea\">\n<div class=\"column\">\n<p style=\"text-align: center;\">Pour lier le plaisir des yeux au plaisir gustatif, les restaurants partenaires du <strong>Tournai Ramdam Festival<\/strong> feront saliver vos papilles !<\/p>\n<\/div>\n<\/div>\n<hr \/>\n<\/div>\n<p class=\"p1\" style=\"text-align: center;\"><strong>LES TONTONS TRINQUEURS I Cuisine fran\u00e7aise aux influences du monde<\/strong><br \/>\nRue Edouard Valcke, 2 \u2013 7500 Tournai<br \/>\n+32 483 48 10 08<br \/>\nlestontonstrinqueurs.resto@gmail.com<\/p>\n<p style=\"text-align: center;\">&#8211;<\/p>\n<p class=\"p1\" style=\"text-align: center;\"><strong>LES FILLES DU VIADUC I Lieu de bouffe et de culture<\/strong><br \/>\nRue du Viaduc, 27B &#8211; 7500 Tournai<br \/>\n+32 471 54 17 71<br \/>\ncontact@lesfillesduviaduc.be<\/p>\n<p style=\"text-align: center;\">&#8211;<\/p>\n<p class=\"p1\" style=\"text-align: center;\"><strong>PIZZERIA FRATELLI I Sp\u00e9cialit\u00e9s siciliennes et sardes<\/strong><br \/>\nRue Royale, 25 \u2013 7500 Tournai<br \/>\n+32 455 15 97 49<br \/>\nfratelli7500@gmail.com<\/p>\n<p class=\"p1\" style=\"text-align: center;\">&#8211;<\/p>\n<p class=\"p1\" style=\"text-align: center;\"><strong>LES ENFANTS TERRIBLES I Une cuisine contemporaine, des produits authentiques<\/strong><br \/>\nRue de l&#8217;Yser, 35 \u2013 7500 Tournai<br \/>\n+32 69 84 48 22<br \/>\ninfo@enfants-terribles.be<\/p>\n<p class=\"p1\" style=\"text-align: center;\">&#8211;<\/p>\n<p class=\"p1\" style=\"text-align: center;\"><strong>COMPTOIR 17 I Sp\u00e9cialit\u00e9s de bi\u00e8res belges, hamburgers, salade, wraps<\/strong><br \/>\nGrand-Place, 17 &#8211; 7500 Tournai<br \/>\n+32 69 84 30 35<br \/>\neelke.ashley@hotmail.com<\/p>\n<p class=\"p1\" style=\"text-align: center;\">&#8211;<\/p>\n<p class=\"p1\" style=\"text-align: center;\"><strong>LE MONDE DE LOLA I Cuisine italienne &amp; dolce vita<\/strong><br \/>\nQuai Notre-Dame,18 \u2013 7500 Tournai<br \/>\n+32 472 31 44 09<br \/>\ncontact@lemondedelola.be<\/p>\n<p class=\"p1\" style=\"text-align: center;\">&#8211;<\/p>\n<p class=\"p1\" style=\"text-align: center;\"><strong>LE CAF\u00c9 DE PARIS I Brasserie &#8211; Friterie<\/strong><br \/>\nBoulevard des D\u00e9port\u00e9s, 64 &#8211; 7500 Tournai<br \/>\n+32 69 57 71 20<br \/>\ngregory.dinoir1977@gmail.com<\/p>\n","protected":false},"excerpt":{"rendered":"<p>Pour lier le plaisir des yeux au plaisir gustatif, les restaurants partenaires du Tournai Ramdam Festival feront saliver vos papilles ! LES TONTONS TRINQUEURS I Cuisine fran\u00e7aise aux influences du monde Rue Edouard Valcke, 2 \u2013 7500 Tournai +32 483 48 10 08 lestontonstrinqueurs.resto@gmail.com &#8211; LES FILLES DU VIADUC I Lieu de bouffe et de [&hellip;]<\/p>\n","protected":false},"author":33,"featured_media":0,"parent":0,"menu_order":7,"comment_status":"closed","ping_status":"closed","template":"","meta":{"_acf_changed":false,"_monsterinsights_skip_tracking":false,"_monsterinsights_sitenote_active":false,"_monsterinsights_sitenote_note":"","_monsterinsights_sitenote_category":0,"footnotes":""},"class_list":["post-1037","page","type-page","status-publish","hentry"],"acf":[],"yoast_head":"<!-- This site is optimized with the Yoast SEO plugin v27.3 - https:\/\/yoast.com\/product\/yoast-seo-wordpress\/ -->\n<title>Cin\u00e9-fourchette | Ramdam Festival - Le Festival du Film Qui D\u00e9range<\/title>\n<meta name=\"robots\" content=\"index, follow, max-snippet:-1, max-image-preview:large, max-video-preview:-1\" \/>\n<link rel=\"canonical\" href=\"https:\/\/www.ramdamfestival.be\/en\/cinefourchette\/\" \/>\n<meta property=\"og:locale\" content=\"en_US\" \/>\n<meta property=\"og:type\" content=\"article\" \/>\n<meta property=\"og:title\" content=\"Cin\u00e9-fourchette | Ramdam Festival - Le Festival du Film Qui D\u00e9range\" \/>\n<meta property=\"og:description\" content=\"Pour lier le plaisir des yeux au plaisir gustatif, les restaurants partenaires du Tournai Ramdam Festival feront saliver vos papilles ! LES TONTONS TRINQUEURS I Cuisine fran\u00e7aise aux influences du monde Rue Edouard Valcke, 2 \u2013 7500 Tournai +32 483 48 10 08 lestontonstrinqueurs.resto@gmail.com &#8211; LES FILLES DU VIADUC I Lieu de bouffe et de [&hellip;]\" \/>\n<meta property=\"og:url\" content=\"https:\/\/www.ramdamfestival.be\/en\/cinefourchette\/\" \/>\n<meta property=\"og:site_name\" content=\"Ramdam Festival - Le Festival du Film Qui D\u00e9range\" \/>\n<meta property=\"article:modified_time\" content=\"2025-12-16T20:42:37+00:00\" \/>\n<meta property=\"og:image\" content=\"https:\/\/www.ramdamfestival.be\/wp-content\/uploads\/2022\/01\/logo.jpg\" \/>\n\t<meta property=\"og:image:width\" content=\"1772\" \/>\n\t<meta property=\"og:image:height\" content=\"1772\" \/>\n\t<meta property=\"og:image:type\" content=\"image\/jpeg\" \/>\n<meta name=\"twitter:card\" content=\"summary_large_image\" \/>\n<meta name=\"twitter:image\" content=\"https:\/\/www.ramdamfestival.be\/wp-content\/uploads\/2022\/01\/logo.jpg\" \/>\n<meta name=\"twitter:label1\" content=\"Est. reading time\" \/>\n\t<meta name=\"twitter:data1\" content=\"1 minute\" \/>\n<script type=\"application\/ld+json\" class=\"yoast-schema-graph\">{\"@context\":\"https:\\\/\\\/schema.org\",\"@graph\":[{\"@type\":\"WebPage\",\"@id\":\"https:\\\/\\\/www.ramdamfestival.be\\\/en\\\/cinefourchette\\\/\",\"url\":\"https:\\\/\\\/www.ramdamfestival.be\\\/en\\\/cinefourchette\\\/\",\"name\":\"Cin\u00e9-fourchette | Ramdam Festival - Le Festival du Film Qui D\u00e9range\",\"isPartOf\":{\"@id\":\"https:\\\/\\\/www.ramdamfestival.be\\\/#website\"},\"datePublished\":\"2016-01-04T14:18:20+00:00\",\"dateModified\":\"2025-12-16T20:42:37+00:00\",\"breadcrumb\":{\"@id\":\"https:\\\/\\\/www.ramdamfestival.be\\\/en\\\/cinefourchette\\\/#breadcrumb\"},\"inLanguage\":\"en-US\",\"potentialAction\":[{\"@type\":\"ReadAction\",\"target\":[\"https:\\\/\\\/www.ramdamfestival.be\\\/en\\\/cinefourchette\\\/\"]}]},{\"@type\":\"BreadcrumbList\",\"@id\":\"https:\\\/\\\/www.ramdamfestival.be\\\/en\\\/cinefourchette\\\/#breadcrumb\",\"itemListElement\":[{\"@type\":\"ListItem\",\"position\":1,\"name\":\"Accueil\",\"item\":\"https:\\\/\\\/www.ramdamfestival.be\\\/en\\\/\"},{\"@type\":\"ListItem\",\"position\":2,\"name\":\"Cin\u00e9-fourchette\"}]},{\"@type\":\"WebSite\",\"@id\":\"https:\\\/\\\/www.ramdamfestival.be\\\/#website\",\"url\":\"https:\\\/\\\/www.ramdamfestival.be\\\/\",\"name\":\"Ramdam Festival - Le Festival du Film Qui D\u00e9range\",\"description\":\"Le Festival du Film Qui D\u00e9range\",\"potentialAction\":[{\"@type\":\"SearchAction\",\"target\":{\"@type\":\"EntryPoint\",\"urlTemplate\":\"https:\\\/\\\/www.ramdamfestival.be\\\/?s={search_term_string}\"},\"query-input\":{\"@type\":\"PropertyValueSpecification\",\"valueRequired\":true,\"valueName\":\"search_term_string\"}}],\"inLanguage\":\"en-US\"}]}<\/script>\n<!-- \/ Yoast SEO plugin. -->","yoast_head_json":{"title":"Cin\u00e9-fourchette | Ramdam Festival - Le Festival du Film Qui D\u00e9range","robots":{"index":"index","follow":"follow","max-snippet":"max-snippet:-1","max-image-preview":"max-image-preview:large","max-video-preview":"max-video-preview:-1"},"canonical":"https:\/\/www.ramdamfestival.be\/en\/cinefourchette\/","og_locale":"en_US","og_type":"article","og_title":"Cin\u00e9-fourchette | Ramdam Festival - Le Festival du Film Qui D\u00e9range","og_description":"Pour lier le plaisir des yeux au plaisir gustatif, les restaurants partenaires du Tournai Ramdam Festival feront saliver vos papilles ! LES TONTONS TRINQUEURS I Cuisine fran\u00e7aise aux influences du monde Rue Edouard Valcke, 2 \u2013 7500 Tournai +32 483 48 10 08 lestontonstrinqueurs.resto@gmail.com &#8211; LES FILLES DU VIADUC I Lieu de bouffe et de [&hellip;]","og_url":"https:\/\/www.ramdamfestival.be\/en\/cinefourchette\/","og_site_name":"Ramdam Festival - Le Festival du Film Qui D\u00e9range","article_modified_time":"2025-12-16T20:42:37+00:00","og_image":[{"width":1772,"height":1772,"url":"https:\/\/www.ramdamfestival.be\/wp-content\/uploads\/2022\/01\/logo.jpg","type":"image\/jpeg"}],"twitter_card":"summary_large_image","twitter_image":"https:\/\/www.ramdamfestival.be\/wp-content\/uploads\/2022\/01\/logo.jpg","twitter_misc":{"Est. reading time":"1 minute"},"schema":{"@context":"https:\/\/schema.org","@graph":[{"@type":"WebPage","@id":"https:\/\/www.ramdamfestival.be\/en\/cinefourchette\/","url":"https:\/\/www.ramdamfestival.be\/en\/cinefourchette\/","name":"Cin\u00e9-fourchette | Ramdam Festival - Le Festival du Film Qui D\u00e9range","isPartOf":{"@id":"https:\/\/www.ramdamfestival.be\/#website"},"datePublished":"2016-01-04T14:18:20+00:00","dateModified":"2025-12-16T20:42:37+00:00","breadcrumb":{"@id":"https:\/\/www.ramdamfestival.be\/en\/cinefourchette\/#breadcrumb"},"inLanguage":"en-US","potentialAction":[{"@type":"ReadAction","target":["https:\/\/www.ramdamfestival.be\/en\/cinefourchette\/"]}]},{"@type":"BreadcrumbList","@id":"https:\/\/www.ramdamfestival.be\/en\/cinefourchette\/#breadcrumb","itemListElement":[{"@type":"ListItem","position":1,"name":"Accueil","item":"https:\/\/www.ramdamfestival.be\/en\/"},{"@type":"ListItem","position":2,"name":"Cin\u00e9-fourchette"}]},{"@type":"WebSite","@id":"https:\/\/www.ramdamfestival.be\/#website","url":"https:\/\/www.ramdamfestival.be\/","name":"Ramdam Festival - Le Festival du Film Qui D\u00e9range","description":"Le Festival du Film Qui D\u00e9range","potentialAction":[{"@type":"SearchAction","target":{"@type":"EntryPoint","urlTemplate":"https:\/\/www.ramdamfestival.be\/?s={search_term_string}"},"query-input":{"@type":"PropertyValueSpecification","valueRequired":true,"valueName":"search_term_string"}}],"inLanguage":"en-US"}]}},"_links":{"self":[{"href":"https:\/\/www.ramdamfestival.be\/en\/wp-json\/wp\/v2\/pages\/1037","targetHints":{"allow":["GET"]}}],"collection":[{"href":"https:\/\/www.ramdamfestival.be\/en\/wp-json\/wp\/v2\/pages"}],"about":[{"href":"https:\/\/www.ramdamfestival.be\/en\/wp-json\/wp\/v2\/types\/page"}],"author":[{"embeddable":true,"href":"https:\/\/www.ramdamfestival.be\/en\/wp-json\/wp\/v2\/users\/33"}],"replies":[{"embeddable":true,"href":"https:\/\/www.ramdamfestival.be\/en\/wp-json\/wp\/v2\/comments?post=1037"}],"version-history":[{"count":12,"href":"https:\/\/www.ramdamfestival.be\/en\/wp-json\/wp\/v2\/pages\/1037\/revisions"}],"predecessor-version":[{"id":11697,"href":"https:\/\/www.ramdamfestival.be\/en\/wp-json\/wp\/v2\/pages\/1037\/revisions\/11697"}],"wp:attachment":[{"href":"https:\/\/www.ramdamfestival.be\/en\/wp-json\/wp\/v2\/media?parent=1037"}],"curies":[{"name":"wp","href":"https:\/\/api.w.org\/{rel}","templated":true}]}}