{"id":1036,"date":"2016-01-04T15:17:54","date_gmt":"2016-01-04T14:17:54","guid":{"rendered":"https:\/\/www.ramdamfestival.be\/en\/programmation\/cinecouette\/"},"modified":"2025-12-16T19:19:26","modified_gmt":"2025-12-16T18:19:26","slug":"cinecouette","status":"publish","type":"page","link":"https:\/\/www.ramdamfestival.be\/en\/cinecouette\/","title":{"rendered":"Cin\u00e9-couette"},"content":{"rendered":"<p style=\"text-align: center;\"><span style=\"color: #ff0000;\"><strong>_<\/strong><\/span><\/p>\n<p style=\"text-align: center;\">Pour pouvoir profiter pleinement du <strong>Tournai Ramdam Festival<\/strong>, d\u00e9couvrez nos partenaires <strong>cin\u00e9-couette<\/strong> pour des h\u00e9bergements de qualit\u00e9 afin de passer un festival en toute tranquillit\u00e9 !<\/p>\n<hr \/>\n<p style=\"text-align: center;\">\n<p class=\"p1\" style=\"text-align: center;\"><strong>LA PARENTH\u00c8SE I G\u00eete urbain<\/strong><br \/>\nRue de la Culture, 120 \u2013 7500 Tournai<br \/>\n+32 471 90 77 53<br \/>\ncontact@valorisbelgium.be<\/p>\n<p style=\"text-align: center;\">&#8211;<\/p>\n<p class=\"p1\" style=\"text-align: center;\"><strong>LE SAULCHOIR I Trois g\u00eetes ruraux de caract\u00e8re<br \/>\n<\/strong>Rue du Saulchoir, 1 &#8211; 7540 Kain<br \/>\n+32 475 26 04 58<br \/>\nfrancisfls@skynet.be<\/p>\n<p style=\"text-align: center;\">&#8211;<\/p>\n<p class=\"p1\" style=\"text-align: center;\"><strong>CH\u00c2TEAU LA SAULINI\u00c8RE I Chambres d\u2019h\u00f4te class\u00e9es 4 \u00e9pis<br \/>\n<\/strong>Rue du Saulchoir, 50 &#8211; 7540 Kain<br \/>\n+32 479 31 32 35<br \/>\nchateaudelasauliniere@gmail.com<\/p>\n<p style=\"text-align: center;\">&#8211;<\/p>\n<p class=\"p1\" style=\"text-align: center;\"><strong>G\u00ceTE LE RENOUVEAU I Ambiance champ\u00eatre<br \/>\n<\/strong>Dr\u00e8ve Boisac, 2 &#8211; 7540 Quartes<br \/>\n+32 477 85 23 24<br \/>\nlerenouveau.boisac@hotmail.com<\/p>\n<p style=\"text-align: center;\">&#8211;<\/p>\n<p class=\"p1\" style=\"text-align: center;\"><strong>CENSE DES SOURCES I En pleine campagne<br \/>\n<\/strong>au pied du Mont Saint-Aubert<br \/>\nChemin du Vieux Comt\u00e9, 1 &#8211; 7542 Mont Saint Aubert<br \/>\n+32 495 21 16 03<br \/>\ninfo@la-cense-des-sources.be<\/p>\n<p style=\"text-align: center;\">\n","protected":false},"excerpt":{"rendered":"<p>_ Pour pouvoir profiter pleinement du Tournai Ramdam Festival, d\u00e9couvrez nos partenaires cin\u00e9-couette pour des h\u00e9bergements de qualit\u00e9 afin de passer un festival en toute tranquillit\u00e9 ! LA PARENTH\u00c8SE I G\u00eete urbain Rue de la Culture, 120 \u2013 7500 Tournai +32 471 90 77 53 contact@valorisbelgium.be &#8211; LE SAULCHOIR I Trois g\u00eetes ruraux de caract\u00e8re [&hellip;]<\/p>\n","protected":false},"author":33,"featured_media":0,"parent":0,"menu_order":6,"comment_status":"closed","ping_status":"closed","template":"","meta":{"_acf_changed":false,"_monsterinsights_skip_tracking":false,"_monsterinsights_sitenote_active":false,"_monsterinsights_sitenote_note":"","_monsterinsights_sitenote_category":0,"footnotes":""},"class_list":["post-1036","page","type-page","status-publish","hentry"],"acf":[],"yoast_head":"<!-- This site is optimized with the Yoast SEO plugin v27.3 - https:\/\/yoast.com\/product\/yoast-seo-wordpress\/ -->\n<title>Cin\u00e9-couette | Ramdam Festival - Le Festival du Film Qui D\u00e9range<\/title>\n<meta name=\"robots\" content=\"index, follow, max-snippet:-1, max-image-preview:large, max-video-preview:-1\" \/>\n<link rel=\"canonical\" href=\"https:\/\/www.ramdamfestival.be\/en\/cinecouette\/\" \/>\n<meta property=\"og:locale\" content=\"en_US\" \/>\n<meta property=\"og:type\" content=\"article\" \/>\n<meta property=\"og:title\" content=\"Cin\u00e9-couette | Ramdam Festival - Le Festival du Film Qui D\u00e9range\" \/>\n<meta property=\"og:description\" content=\"_ Pour pouvoir profiter pleinement du Tournai Ramdam Festival, d\u00e9couvrez nos partenaires cin\u00e9-couette pour des h\u00e9bergements de qualit\u00e9 afin de passer un festival en toute tranquillit\u00e9 ! LA PARENTH\u00c8SE I G\u00eete urbain Rue de la Culture, 120 \u2013 7500 Tournai +32 471 90 77 53 contact@valorisbelgium.be &#8211; LE SAULCHOIR I Trois g\u00eetes ruraux de caract\u00e8re [&hellip;]\" \/>\n<meta property=\"og:url\" content=\"https:\/\/www.ramdamfestival.be\/en\/cinecouette\/\" \/>\n<meta property=\"og:site_name\" content=\"Ramdam Festival - Le Festival du Film Qui D\u00e9range\" \/>\n<meta property=\"article:modified_time\" content=\"2025-12-16T18:19:26+00:00\" \/>\n<meta property=\"og:image\" content=\"https:\/\/www.ramdamfestival.be\/wp-content\/uploads\/2022\/01\/Capture-de\u0301cran-2022-01-12-a\u0300-16.33.43.png\" \/>\n\t<meta property=\"og:image:width\" content=\"2024\" \/>\n\t<meta property=\"og:image:height\" content=\"1052\" \/>\n\t<meta property=\"og:image:type\" content=\"image\/png\" \/>\n<meta name=\"twitter:card\" content=\"summary_large_image\" \/>\n<meta name=\"twitter:image\" content=\"https:\/\/www.ramdamfestival.be\/wp-content\/uploads\/2022\/01\/Capture-de\u0301cran-2022-01-12-a\u0300-16.33.43.png\" \/>\n<meta name=\"twitter:label1\" content=\"Est. reading time\" \/>\n\t<meta name=\"twitter:data1\" content=\"2 minutes\" \/>\n<script type=\"application\/ld+json\" class=\"yoast-schema-graph\">{\"@context\":\"https:\\\/\\\/schema.org\",\"@graph\":[{\"@type\":\"WebPage\",\"@id\":\"https:\\\/\\\/www.ramdamfestival.be\\\/en\\\/cinecouette\\\/\",\"url\":\"https:\\\/\\\/www.ramdamfestival.be\\\/en\\\/cinecouette\\\/\",\"name\":\"Cin\u00e9-couette | Ramdam Festival - Le Festival du Film Qui D\u00e9range\",\"isPartOf\":{\"@id\":\"https:\\\/\\\/www.ramdamfestival.be\\\/#website\"},\"datePublished\":\"2016-01-04T14:17:54+00:00\",\"dateModified\":\"2025-12-16T18:19:26+00:00\",\"breadcrumb\":{\"@id\":\"https:\\\/\\\/www.ramdamfestival.be\\\/en\\\/cinecouette\\\/#breadcrumb\"},\"inLanguage\":\"en-US\",\"potentialAction\":[{\"@type\":\"ReadAction\",\"target\":[\"https:\\\/\\\/www.ramdamfestival.be\\\/en\\\/cinecouette\\\/\"]}]},{\"@type\":\"BreadcrumbList\",\"@id\":\"https:\\\/\\\/www.ramdamfestival.be\\\/en\\\/cinecouette\\\/#breadcrumb\",\"itemListElement\":[{\"@type\":\"ListItem\",\"position\":1,\"name\":\"Accueil\",\"item\":\"https:\\\/\\\/www.ramdamfestival.be\\\/en\\\/\"},{\"@type\":\"ListItem\",\"position\":2,\"name\":\"Cin\u00e9-couette\"}]},{\"@type\":\"WebSite\",\"@id\":\"https:\\\/\\\/www.ramdamfestival.be\\\/#website\",\"url\":\"https:\\\/\\\/www.ramdamfestival.be\\\/\",\"name\":\"Ramdam Festival - Le Festival du Film Qui D\u00e9range\",\"description\":\"Le Festival du Film Qui D\u00e9range\",\"potentialAction\":[{\"@type\":\"SearchAction\",\"target\":{\"@type\":\"EntryPoint\",\"urlTemplate\":\"https:\\\/\\\/www.ramdamfestival.be\\\/?s={search_term_string}\"},\"query-input\":{\"@type\":\"PropertyValueSpecification\",\"valueRequired\":true,\"valueName\":\"search_term_string\"}}],\"inLanguage\":\"en-US\"}]}<\/script>\n<!-- \/ Yoast SEO plugin. -->","yoast_head_json":{"title":"Cin\u00e9-couette | Ramdam Festival - Le Festival du Film Qui D\u00e9range","robots":{"index":"index","follow":"follow","max-snippet":"max-snippet:-1","max-image-preview":"max-image-preview:large","max-video-preview":"max-video-preview:-1"},"canonical":"https:\/\/www.ramdamfestival.be\/en\/cinecouette\/","og_locale":"en_US","og_type":"article","og_title":"Cin\u00e9-couette | Ramdam Festival - Le Festival du Film Qui D\u00e9range","og_description":"_ Pour pouvoir profiter pleinement du Tournai Ramdam Festival, d\u00e9couvrez nos partenaires cin\u00e9-couette pour des h\u00e9bergements de qualit\u00e9 afin de passer un festival en toute tranquillit\u00e9 ! LA PARENTH\u00c8SE I G\u00eete urbain Rue de la Culture, 120 \u2013 7500 Tournai +32 471 90 77 53 contact@valorisbelgium.be &#8211; LE SAULCHOIR I Trois g\u00eetes ruraux de caract\u00e8re [&hellip;]","og_url":"https:\/\/www.ramdamfestival.be\/en\/cinecouette\/","og_site_name":"Ramdam Festival - Le Festival du Film Qui D\u00e9range","article_modified_time":"2025-12-16T18:19:26+00:00","og_image":[{"width":2024,"height":1052,"url":"https:\/\/www.ramdamfestival.be\/wp-content\/uploads\/2022\/01\/Capture-de\u0301cran-2022-01-12-a\u0300-16.33.43.png","type":"image\/png"}],"twitter_card":"summary_large_image","twitter_image":"https:\/\/www.ramdamfestival.be\/wp-content\/uploads\/2022\/01\/Capture-de\u0301cran-2022-01-12-a\u0300-16.33.43.png","twitter_misc":{"Est. reading time":"2 minutes"},"schema":{"@context":"https:\/\/schema.org","@graph":[{"@type":"WebPage","@id":"https:\/\/www.ramdamfestival.be\/en\/cinecouette\/","url":"https:\/\/www.ramdamfestival.be\/en\/cinecouette\/","name":"Cin\u00e9-couette | Ramdam Festival - Le Festival du Film Qui D\u00e9range","isPartOf":{"@id":"https:\/\/www.ramdamfestival.be\/#website"},"datePublished":"2016-01-04T14:17:54+00:00","dateModified":"2025-12-16T18:19:26+00:00","breadcrumb":{"@id":"https:\/\/www.ramdamfestival.be\/en\/cinecouette\/#breadcrumb"},"inLanguage":"en-US","potentialAction":[{"@type":"ReadAction","target":["https:\/\/www.ramdamfestival.be\/en\/cinecouette\/"]}]},{"@type":"BreadcrumbList","@id":"https:\/\/www.ramdamfestival.be\/en\/cinecouette\/#breadcrumb","itemListElement":[{"@type":"ListItem","position":1,"name":"Accueil","item":"https:\/\/www.ramdamfestival.be\/en\/"},{"@type":"ListItem","position":2,"name":"Cin\u00e9-couette"}]},{"@type":"WebSite","@id":"https:\/\/www.ramdamfestival.be\/#website","url":"https:\/\/www.ramdamfestival.be\/","name":"Ramdam Festival - Le Festival du Film Qui D\u00e9range","description":"Le Festival du Film Qui D\u00e9range","potentialAction":[{"@type":"SearchAction","target":{"@type":"EntryPoint","urlTemplate":"https:\/\/www.ramdamfestival.be\/?s={search_term_string}"},"query-input":{"@type":"PropertyValueSpecification","valueRequired":true,"valueName":"search_term_string"}}],"inLanguage":"en-US"}]}},"_links":{"self":[{"href":"https:\/\/www.ramdamfestival.be\/en\/wp-json\/wp\/v2\/pages\/1036","targetHints":{"allow":["GET"]}}],"collection":[{"href":"https:\/\/www.ramdamfestival.be\/en\/wp-json\/wp\/v2\/pages"}],"about":[{"href":"https:\/\/www.ramdamfestival.be\/en\/wp-json\/wp\/v2\/types\/page"}],"author":[{"embeddable":true,"href":"https:\/\/www.ramdamfestival.be\/en\/wp-json\/wp\/v2\/users\/33"}],"replies":[{"embeddable":true,"href":"https:\/\/www.ramdamfestival.be\/en\/wp-json\/wp\/v2\/comments?post=1036"}],"version-history":[{"count":17,"href":"https:\/\/www.ramdamfestival.be\/en\/wp-json\/wp\/v2\/pages\/1036\/revisions"}],"predecessor-version":[{"id":11694,"href":"https:\/\/www.ramdamfestival.be\/en\/wp-json\/wp\/v2\/pages\/1036\/revisions\/11694"}],"wp:attachment":[{"href":"https:\/\/www.ramdamfestival.be\/en\/wp-json\/wp\/v2\/media?parent=1036"}],"curies":[{"name":"wp","href":"https:\/\/api.w.org\/{rel}","templated":true}]}}